{"id":881,"date":"2018-06-05T14:19:55","date_gmt":"2018-06-05T14:19:55","guid":{"rendered":"http:\/\/bolge.elated-themes.com\/?page_id=881"},"modified":"2026-02-03T12:26:40","modified_gmt":"2026-02-03T11:26:40","slug":"about","status":"publish","type":"page","link":"https:\/\/anneallier.com\/en\/about\/","title":{"rendered":"A Propos"},"content":{"rendered":"<div class=\"vc_row wpb_row vc_row-fluid vc_custom_1551689299944\" ><div class=\"wpb_column vc_column_container vc_col-sm-8\"><div class=\"vc_column-inner vc_custom_1551689282515\"><div class=\"wpb_wrapper\"><div class=\"eltdf-elements-holder   eltdf-one-column  eltdf-responsive-mode-768\" ><div class=\"eltdf-eh-item\"  data-item-class=\"eltdf-eh-custom-9090\" data-1367-1600=\"0 2% 0 9%\" data-1025-1366=\"0 0 0 9%\" data-769-1024=\"0 0 0 0%\" data-681-768=\"10% 0 0 0\" data-680=\"15% 0 0 0\">\n\t<div class=\"eltdf-eh-item-inner\">\n\t\t<div class=\"eltdf-eh-item-content eltdf-eh-custom-9090\" style=\"padding: 0 0 0 9%\">\n\t\t\t\n\t<div class=\"wpb_text_column wpb_content_element\" >\n\t\t<div class=\"wpb_wrapper\">\n\t\t\t<h4 data-start=\"1812\" data-end=\"2018\">Freelance depuis plus de dix ans, j\u2019accompagne marques, institutions et projets ind\u00e9pendants dans la conception et la r\u00e9alisation de leurs projets visuels.<\/h4>\n<h4 data-start=\"2020\" data-end=\"2278\">Mon expertise repose sur une prise en charge globale, de l\u2019id\u00e9e initiale \u00e0 la production finale, sur des formats tr\u00e8s vari\u00e9s :<br data-start=\"2150\" data-end=\"2153\" \/>film (dont formats courts et r\u00e9seaux sociaux), photographie, illustration, \u00e9dition, identit\u00e9s visuelles ou contenus digitaux.<\/h4>\n<h4 data-start=\"2280\" data-end=\"2402\">Cette approche me permet de garantir coh\u00e9rence, qualit\u00e9 et pr\u00e9cision, quel que soit le support ou l\u2019ampleur du projet.<\/h4>\n<h3><a href=\"http:\/\/instagram.com\/anneallier\">Retrouvez @anneallier sur\u00a0instagram.<\/a><\/h3>\n\n\t\t<\/div>\n\t<\/div>\n<div class=\"vc-zigzag-wrapper vc_custom_1647884565156 vc-zigzag-align-center\" >\n\t<div class=\"vc-zigzag-inner\"\n\t\t\tstyle=\"width: 100%;min-height: 14px;background: 0 repeat-x url(&#039;data:image\/svg+xml;utf-8,%3C%3Fxml%20version%3D%221.0%22%20encoding%3D%22utf-8%22%3F%3E%3C%21DOCTYPE%20svg%20PUBLIC%20%22-%2F%2FW3C%2F%2FDTD%20SVG%201.1%2F%2FEN%22%20%22http%3A%2F%2Fwww.w3.org%2FGraphics%2FSVG%2F1.1%2FDTD%2Fsvg11.dtd%22%3E%3Csvg%20width%3D%2214px%22%20height%3D%2212px%22%20viewBox%3D%220%200%2018%2015%22%20version%3D%221.1%22%20xmlns%3D%22http%3A%2F%2Fwww.w3.org%2F2000%2Fsvg%22%20xmlns%3Axlink%3D%22http%3A%2F%2Fwww.w3.org%2F1999%2Fxlink%22%3E%3Cpolygon%20id%3D%22Combined-Shape%22%20fill%3D%22%23ebebeb%22%20points%3D%228.98762301%200%200%209.12771969%200%2014.519983%209%205.40479869%2018%2014.519983%2018%209.12771969%22%3E%3C%2Fpolygon%3E%3C%2Fsvg%3E&#039;);\">\n\t<\/div>\n<\/div>\n\n\t<div class=\"wpb_text_column wpb_content_element\" >\n\t\t<div class=\"wpb_wrapper\">\n\t\t\t<h5>Elle a notamment travaill\u00e9 avec Chanel, Cartier, Givenchy, Yves-Saint-Laurent, Clarins, FRED, Breguet, Sephora, Decca Records, Universal Music, Polydor, Quitoque, Lacoste, l&rsquo;Institut Fran\u00e7ais de la Mode, PwC, et d&rsquo;autres structures de la start-up \u00e0 l&rsquo;artiste ind\u00e9pendant.<\/h5>\n\n\t\t<\/div>\n\t<\/div>\n\t\t<\/div>\n\t<\/div>\n<\/div><\/div><\/div><\/div><\/div><div class=\"wpb_column vc_column_container vc_col-sm-4\"><div class=\"vc_column-inner\"><div class=\"wpb_wrapper\">\n\t<div  class=\"wpb_single_image wpb_content_element vc_align_left\">\n\t\t\n\t\t<figure class=\"wpb_wrapper vc_figure\">\n\t\t\t<div class=\"vc_single_image-wrapper   vc_box_border_grey\"><img loading=\"lazy\" decoding=\"async\" width=\"687\" height=\"1024\" src=\"https:\/\/anneallier.com\/wp-content\/uploads\/2025\/10\/ALLIER_ANNE_DA_PHOTO_GRAPHIC-687x1024.jpg\" class=\"vc_single_image-img attachment-large\" alt=\"\" srcset=\"https:\/\/anneallier.com\/wp-content\/uploads\/2025\/10\/ALLIER_ANNE_DA_PHOTO_GRAPHIC-687x1024.jpg 687w, https:\/\/anneallier.com\/wp-content\/uploads\/2025\/10\/ALLIER_ANNE_DA_PHOTO_GRAPHIC-201x300.jpg 201w, https:\/\/anneallier.com\/wp-content\/uploads\/2025\/10\/ALLIER_ANNE_DA_PHOTO_GRAPHIC-768x1145.jpg 768w, https:\/\/anneallier.com\/wp-content\/uploads\/2025\/10\/ALLIER_ANNE_DA_PHOTO_GRAPHIC-1031x1536.jpg 1031w, https:\/\/anneallier.com\/wp-content\/uploads\/2025\/10\/ALLIER_ANNE_DA_PHOTO_GRAPHIC-1374x2048.jpg 1374w, https:\/\/anneallier.com\/wp-content\/uploads\/2025\/10\/ALLIER_ANNE_DA_PHOTO_GRAPHIC-8x12.jpg 8w, https:\/\/anneallier.com\/wp-content\/uploads\/2025\/10\/ALLIER_ANNE_DA_PHOTO_GRAPHIC-600x894.jpg 600w, https:\/\/anneallier.com\/wp-content\/uploads\/2025\/10\/ALLIER_ANNE_DA_PHOTO_GRAPHIC.jpg 1403w\" sizes=\"auto, (max-width: 687px) 100vw, 687px\" \/><\/div>\n\t\t<\/figure>\n\t<\/div>\n\n\t<div class=\"wpb_text_column wpb_content_element\" >\n\t\t<div class=\"wpb_wrapper\">\n\t\t\t<h5><strong>Contact<\/strong><\/h5>\n<dl class=\"work-and-shop-contacts\">\n<dd>\n<h5><strong><a href=\"mailto:allier.anne@gmail.com\" target=\"_blank\" rel=\"noopener noreferrer\">You want us to work together?<\/a><\/strong><\/h5>\n<\/dd>\n<dd>\n<h5><strong><a href=\"mailto:allier.anne@gmail.com\" target=\"_blank\" rel=\"noopener noreferrer\">You want to buy an artwork?<\/a><\/strong><\/h5>\n<\/dd>\n<\/dl>\n\n\t\t<\/div>\n\t<\/div>\n<\/div><\/div><\/div><\/div>","protected":false},"excerpt":{"rendered":"Freelance depuis plus de dix ans, j\u2019accompagne marques, institutions et projets ind\u00e9pendants dans la conception et la r\u00e9alisation de leurs projets visuels. Mon expertise repose sur une prise en charge globale, de l\u2019id\u00e9e initiale \u00e0 la production finale, sur des formats [...]","protected":false},"author":1,"featured_media":3766,"parent":0,"menu_order":0,"comment_status":"closed","ping_status":"closed","template":"full-width.php","meta":{"footnotes":""},"class_list":["post-881","page","type-page","status-publish","has-post-thumbnail","hentry"],"yoast_head":"<!-- This site is optimized with the Yoast SEO plugin v22.1 - https:\/\/yoast.com\/wordpress\/plugins\/seo\/ -->\n<title>A Propos - Anne Allier<\/title>\n<meta name=\"description\" content=\"Anne Allier est une directrice artistique, photographe et r\u00e9alisatrice fran\u00e7aise bas\u00e9e \u00e0 Paris. Elle travaille essentiellement pour la musique et la mode.\" \/>\n<meta name=\"robots\" content=\"index, follow, max-snippet:-1, max-image-preview:large, max-video-preview:-1\" \/>\n<link rel=\"canonical\" href=\"https:\/\/anneallier.com\/en\/about\/\" \/>\n<meta property=\"og:locale\" content=\"en_GB\" \/>\n<meta property=\"og:type\" content=\"article\" \/>\n<meta property=\"og:title\" content=\"A Propos - Anne Allier\" \/>\n<meta property=\"og:description\" content=\"Anne Allier est une directrice artistique, photographe et r\u00e9alisatrice fran\u00e7aise bas\u00e9e \u00e0 Paris. Elle travaille essentiellement pour la musique et la mode.\" \/>\n<meta property=\"og:url\" content=\"https:\/\/anneallier.com\/en\/about\/\" \/>\n<meta property=\"og:site_name\" content=\"Anne Allier\" \/>\n<meta property=\"article:modified_time\" content=\"2026-02-03T11:26:40+00:00\" \/>\n<meta property=\"og:image\" content=\"https:\/\/anneallier.com\/wp-content\/uploads\/2025\/10\/ALLIER_ANNE_DA_PHOTO_GRAPHIC.jpg\" \/>\n\t<meta property=\"og:image:width\" content=\"1403\" \/>\n\t<meta property=\"og:image:height\" content=\"2091\" \/>\n\t<meta property=\"og:image:type\" content=\"image\/jpeg\" \/>\n<meta name=\"twitter:card\" content=\"summary_large_image\" \/>\n<meta name=\"twitter:label1\" content=\"Estimated reading time\" \/>\n\t<meta name=\"twitter:data1\" content=\"2 minutes\" \/>\n<script type=\"application\/ld+json\" class=\"yoast-schema-graph\">{\"@context\":\"https:\/\/schema.org\",\"@graph\":[{\"@type\":\"WebPage\",\"@id\":\"https:\/\/anneallier.com\/about\/\",\"url\":\"https:\/\/anneallier.com\/about\/\",\"name\":\"A Propos - Anne Allier\",\"isPartOf\":{\"@id\":\"https:\/\/anneallier.com\/#website\"},\"datePublished\":\"2018-06-05T14:19:55+00:00\",\"dateModified\":\"2026-02-03T11:26:40+00:00\",\"description\":\"Anne Allier est une directrice artistique, photographe et r\u00e9alisatrice fran\u00e7aise bas\u00e9e \u00e0 Paris. Elle travaille essentiellement pour la musique et la mode.\",\"breadcrumb\":{\"@id\":\"https:\/\/anneallier.com\/about\/#breadcrumb\"},\"inLanguage\":\"en-GB\",\"potentialAction\":[{\"@type\":\"ReadAction\",\"target\":[\"https:\/\/anneallier.com\/about\/\"]}]},{\"@type\":\"BreadcrumbList\",\"@id\":\"https:\/\/anneallier.com\/about\/#breadcrumb\",\"itemListElement\":[{\"@type\":\"ListItem\",\"position\":1,\"name\":\"Home\",\"item\":\"https:\/\/anneallier.com\/\"},{\"@type\":\"ListItem\",\"position\":2,\"name\":\"A Propos\"}]},{\"@type\":\"WebSite\",\"@id\":\"https:\/\/anneallier.com\/#website\",\"url\":\"https:\/\/anneallier.com\/\",\"name\":\"Anne Allier\",\"description\":\"Directrice Artistique, Photographe, R\u00e9alisatrice\",\"potentialAction\":[{\"@type\":\"SearchAction\",\"target\":{\"@type\":\"EntryPoint\",\"urlTemplate\":\"https:\/\/anneallier.com\/?s={search_term_string}\"},\"query-input\":\"required name=search_term_string\"}],\"inLanguage\":\"en-GB\"}]}<\/script>\n<!-- \/ Yoast SEO plugin. -->","yoast_head_json":{"title":"A Propos - Anne Allier","description":"Anne Allier est une directrice artistique, photographe et r\u00e9alisatrice fran\u00e7aise bas\u00e9e \u00e0 Paris. Elle travaille essentiellement pour la musique et la mode.","robots":{"index":"index","follow":"follow","max-snippet":"max-snippet:-1","max-image-preview":"max-image-preview:large","max-video-preview":"max-video-preview:-1"},"canonical":"https:\/\/anneallier.com\/en\/about\/","og_locale":"en_GB","og_type":"article","og_title":"A Propos - Anne Allier","og_description":"Anne Allier est une directrice artistique, photographe et r\u00e9alisatrice fran\u00e7aise bas\u00e9e \u00e0 Paris. Elle travaille essentiellement pour la musique et la mode.","og_url":"https:\/\/anneallier.com\/en\/about\/","og_site_name":"Anne Allier","article_modified_time":"2026-02-03T11:26:40+00:00","og_image":[{"width":1403,"height":2091,"url":"https:\/\/anneallier.com\/wp-content\/uploads\/2025\/10\/ALLIER_ANNE_DA_PHOTO_GRAPHIC.jpg","type":"image\/jpeg"}],"twitter_card":"summary_large_image","twitter_misc":{"Estimated reading time":"2 minutes"},"schema":{"@context":"https:\/\/schema.org","@graph":[{"@type":"WebPage","@id":"https:\/\/anneallier.com\/about\/","url":"https:\/\/anneallier.com\/about\/","name":"A Propos - Anne Allier","isPartOf":{"@id":"https:\/\/anneallier.com\/#website"},"datePublished":"2018-06-05T14:19:55+00:00","dateModified":"2026-02-03T11:26:40+00:00","description":"Anne Allier est une directrice artistique, photographe et r\u00e9alisatrice fran\u00e7aise bas\u00e9e \u00e0 Paris. Elle travaille essentiellement pour la musique et la mode.","breadcrumb":{"@id":"https:\/\/anneallier.com\/about\/#breadcrumb"},"inLanguage":"en-GB","potentialAction":[{"@type":"ReadAction","target":["https:\/\/anneallier.com\/about\/"]}]},{"@type":"BreadcrumbList","@id":"https:\/\/anneallier.com\/about\/#breadcrumb","itemListElement":[{"@type":"ListItem","position":1,"name":"Home","item":"https:\/\/anneallier.com\/"},{"@type":"ListItem","position":2,"name":"A Propos"}]},{"@type":"WebSite","@id":"https:\/\/anneallier.com\/#website","url":"https:\/\/anneallier.com\/","name":"Anne Allier","description":"Directrice Artistique, Photographe, R\u00e9alisatrice","potentialAction":[{"@type":"SearchAction","target":{"@type":"EntryPoint","urlTemplate":"https:\/\/anneallier.com\/?s={search_term_string}"},"query-input":"required name=search_term_string"}],"inLanguage":"en-GB"}]}},"_links":{"self":[{"href":"https:\/\/anneallier.com\/en\/wp-json\/wp\/v2\/pages\/881","targetHints":{"allow":["GET"]}}],"collection":[{"href":"https:\/\/anneallier.com\/en\/wp-json\/wp\/v2\/pages"}],"about":[{"href":"https:\/\/anneallier.com\/en\/wp-json\/wp\/v2\/types\/page"}],"author":[{"embeddable":true,"href":"https:\/\/anneallier.com\/en\/wp-json\/wp\/v2\/users\/1"}],"replies":[{"embeddable":true,"href":"https:\/\/anneallier.com\/en\/wp-json\/wp\/v2\/comments?post=881"}],"version-history":[{"count":26,"href":"https:\/\/anneallier.com\/en\/wp-json\/wp\/v2\/pages\/881\/revisions"}],"predecessor-version":[{"id":3771,"href":"https:\/\/anneallier.com\/en\/wp-json\/wp\/v2\/pages\/881\/revisions\/3771"}],"wp:featuredmedia":[{"embeddable":true,"href":"https:\/\/anneallier.com\/en\/wp-json\/wp\/v2\/media\/3766"}],"wp:attachment":[{"href":"https:\/\/anneallier.com\/en\/wp-json\/wp\/v2\/media?parent=881"}],"curies":[{"name":"wp","href":"https:\/\/api.w.org\/{rel}","templated":true}]}}