{"id":684,"date":"2018-06-04T15:04:21","date_gmt":"2018-06-04T15:04:21","guid":{"rendered":"http:\/\/bolge.elated-themes.com\/?page_id=684"},"modified":"2019-02-25T18:05:59","modified_gmt":"2019-02-25T17:05:59","slug":"contact","status":"publish","type":"page","link":"https:\/\/anneallier.com\/en\/contact\/","title":{"rendered":"Contact"},"content":{"rendered":"<div class=\"eltdf-row-grid-section-wrapper\"  ><div class=\"eltdf-row-grid-section\"><div class=\"vc_row wpb_row vc_row-fluid vc_custom_1528453764507 vc_row-o-content-top vc_row-flex\" ><div class=\"wpb_column vc_column_container vc_col-sm-12 vc_col-lg-6 vc_col-md-12\"><div class=\"vc_column-inner\"><div class=\"wpb_wrapper\"><div class=\"eltdf-elements-holder   eltdf-one-column  eltdf-responsive-mode-768\" ><div class=\"eltdf-eh-item eltd-custom-contact-form-link\"  data-item-class=\"eltdf-eh-custom-4906\" data-1367-1600=\"0 12% 0 0\" data-1025-1366=\"0 12% 0 0\" data-769-1024=\"0 0 6.5% 0\" data-681-768=\"0 0 10% 0\" data-680=\"0 0 20% 0\">\n\t<div class=\"eltdf-eh-item-inner\">\n\t\t<div class=\"eltdf-eh-item-content eltdf-eh-custom-4906\" style=\"padding: 0 12% 0 0\">\n\t\t\t<div class=\"eltdf-section-title-holder  eltdf-st-standard eltdf-st-title-left eltdf-st-normal-space\" >\n\t<div class=\"eltdf-st-inner\">\n\t\t\t\t\t<h3 class=\"eltdf-st-title\" >\n\t\t\t\tContact\t\t\t<\/h3>\n\t\t\t\t\t\t\t<p class=\"eltdf-st-text\" style=\"margin-top: 20px\">\n\t\t\t\tVous souhaitez travailler avec Anne Allier ? Vous souhaitez acheter une photo ou une illustration ? N'h\u00e9sitez pas \u00e0 nous \u00e9crire.\t\t\t<\/p>\n\t\t\t<\/div>\n<\/div>\t\t<\/div>\n\t<\/div>\n<\/div><\/div><\/div><\/div><\/div><div class=\"wpb_column vc_column_container vc_col-sm-12 vc_col-lg-6 vc_col-md-12\"><div class=\"vc_column-inner\"><div class=\"wpb_wrapper\">\n<div class=\"wpcf7 no-js\" id=\"wpcf7-f2411-o1\" lang=\"en-US\" dir=\"ltr\">\n<div class=\"screen-reader-response\"><p role=\"status\" aria-live=\"polite\" aria-atomic=\"true\"><\/p> <ul><\/ul><\/div>\n<form action=\"\/en\/wp-json\/wp\/v2\/pages\/684#wpcf7-f2411-o1\" method=\"post\" class=\"wpcf7-form init\" aria-label=\"Contact form\" novalidate=\"novalidate\" data-status=\"init\" data-trp-original-action=\"\/en\/wp-json\/wp\/v2\/pages\/684#wpcf7-f2411-o1\">\n<div style=\"display: none;\">\n<input type=\"hidden\" name=\"_wpcf7\" value=\"2411\" \/>\n<input type=\"hidden\" name=\"_wpcf7_version\" value=\"5.8.7\" \/>\n<input type=\"hidden\" name=\"_wpcf7_locale\" value=\"en_US\" \/>\n<input type=\"hidden\" name=\"_wpcf7_unit_tag\" value=\"wpcf7-f2411-o1\" \/>\n<input type=\"hidden\" name=\"_wpcf7_container_post\" value=\"0\" \/>\n<input type=\"hidden\" name=\"_wpcf7_posted_data_hash\" value=\"\" \/>\n<input type=\"hidden\" name=\"_wpcf7_recaptcha_response\" value=\"\" \/>\n<\/div>\n<div class=\"eltdf-grid-small-gutter\">\n\t<div class=\"eltdf-grid-col-6\">\n\t\t<p><span class=\"wpcf7-form-control-wrap\" data-name=\"your-name\"><input size=\"40\" class=\"wpcf7-form-control wpcf7-text wpcf7-validates-as-required\" aria-required=\"true\" aria-invalid=\"false\" placeholder=\"Nom\" value=\"\" type=\"text\" name=\"your-name\" \/><\/span>\n\t\t<\/p>\n\t<\/div>\n\t<div class=\"eltdf-grid-col-6\">\n\t\t<p><span class=\"wpcf7-form-control-wrap\" data-name=\"your-email\"><input size=\"40\" class=\"wpcf7-form-control wpcf7-email wpcf7-validates-as-required wpcf7-text wpcf7-validates-as-email\" aria-required=\"true\" aria-invalid=\"false\" placeholder=\"Mail\" value=\"\" type=\"email\" name=\"your-email\" \/><\/span>\n\t\t<\/p>\n\t<\/div>\n\t<div class=\"eltdf-grid-col-12\">\n\t\t<p><span class=\"wpcf7-form-control-wrap\" data-name=\"your-message\"><textarea cols=\"40\" rows=\"9\" class=\"wpcf7-form-control wpcf7-textarea\" aria-invalid=\"false\" placeholder=\"Message\" name=\"your-message\"><\/textarea><\/span>\n\t\t<\/p>\n\t<\/div>\n\t<div class=\"eltdf-grid-col-12\">\n\t\t<p><input class=\"wpcf7-form-control wpcf7-submit has-spinner eltdf-cf7-hover\" type=\"submit\" value=\"Envoyer\" \/>\n\t\t<\/p>\n\t<\/div>\n<\/div><div class=\"wpcf7-response-output\" aria-hidden=\"true\"><\/div>\n<input type=\"hidden\" name=\"trp-form-language\" value=\"en\"\/><\/form>\n<\/div>\n<\/div><\/div><\/div><\/div><\/div><\/div>","protected":false},"excerpt":{"rendered":"Contact Vous souhaitez travailler avec Anne Allier ? Vous souhaitez acheter une photo ou une illustration ? N'h\u00e9sitez pas \u00e0 nous \u00e9crire.","protected":false},"author":1,"featured_media":0,"parent":0,"menu_order":0,"comment_status":"closed","ping_status":"closed","template":"full-width.php","meta":{"footnotes":""},"class_list":["post-684","page","type-page","status-publish","hentry"],"yoast_head":"<!-- This site is optimized with the Yoast SEO plugin v22.1 - https:\/\/yoast.com\/wordpress\/plugins\/seo\/ -->\n<title>Anne Allier | Directrice Artistique - Photographe - R\u00e9alisatrice | Paris<\/title>\n<meta name=\"description\" content=\"Anne Allier est une directrice artistique, photographe et r\u00e9alisatrice fran\u00e7aise. Visiter la page pour travailler avec elle ou acheter une \u0153uvre.\" \/>\n<meta name=\"robots\" content=\"index, follow, max-snippet:-1, max-image-preview:large, max-video-preview:-1\" \/>\n<link rel=\"canonical\" href=\"https:\/\/anneallier.com\/en\/contact\/\" \/>\n<meta property=\"og:locale\" content=\"en_GB\" \/>\n<meta property=\"og:type\" content=\"article\" \/>\n<meta property=\"og:title\" content=\"Anne Allier | Directrice Artistique - Photographe - R\u00e9alisatrice | Paris\" \/>\n<meta property=\"og:description\" content=\"Anne Allier est une directrice artistique, photographe et r\u00e9alisatrice fran\u00e7aise. Visiter la page pour travailler avec elle ou acheter une \u0153uvre.\" \/>\n<meta property=\"og:url\" content=\"https:\/\/anneallier.com\/en\/contact\/\" \/>\n<meta property=\"og:site_name\" content=\"Anne Allier\" \/>\n<meta property=\"article:modified_time\" content=\"2019-02-25T17:05:59+00:00\" \/>\n<meta name=\"twitter:card\" content=\"summary_large_image\" \/>\n<meta name=\"twitter:label1\" content=\"Estimated reading time\" \/>\n\t<meta name=\"twitter:data1\" content=\"1 minute\" \/>\n<script type=\"application\/ld+json\" class=\"yoast-schema-graph\">{\"@context\":\"https:\/\/schema.org\",\"@graph\":[{\"@type\":\"WebPage\",\"@id\":\"https:\/\/anneallier.com\/contact\/\",\"url\":\"https:\/\/anneallier.com\/contact\/\",\"name\":\"Anne Allier | Directrice Artistique - Photographe - R\u00e9alisatrice | Paris\",\"isPartOf\":{\"@id\":\"https:\/\/anneallier.com\/#website\"},\"datePublished\":\"2018-06-04T15:04:21+00:00\",\"dateModified\":\"2019-02-25T17:05:59+00:00\",\"description\":\"Anne Allier est une directrice artistique, photographe et r\u00e9alisatrice fran\u00e7aise. Visiter la page pour travailler avec elle ou acheter une \u0153uvre.\",\"breadcrumb\":{\"@id\":\"https:\/\/anneallier.com\/contact\/#breadcrumb\"},\"inLanguage\":\"en-GB\",\"potentialAction\":[{\"@type\":\"ReadAction\",\"target\":[\"https:\/\/anneallier.com\/contact\/\"]}]},{\"@type\":\"BreadcrumbList\",\"@id\":\"https:\/\/anneallier.com\/contact\/#breadcrumb\",\"itemListElement\":[{\"@type\":\"ListItem\",\"position\":1,\"name\":\"Home\",\"item\":\"https:\/\/anneallier.com\/\"},{\"@type\":\"ListItem\",\"position\":2,\"name\":\"Contact\"}]},{\"@type\":\"WebSite\",\"@id\":\"https:\/\/anneallier.com\/#website\",\"url\":\"https:\/\/anneallier.com\/\",\"name\":\"Anne Allier\",\"description\":\"Directrice Artistique, Photographe, R\u00e9alisatrice\",\"potentialAction\":[{\"@type\":\"SearchAction\",\"target\":{\"@type\":\"EntryPoint\",\"urlTemplate\":\"https:\/\/anneallier.com\/?s={search_term_string}\"},\"query-input\":\"required name=search_term_string\"}],\"inLanguage\":\"en-GB\"}]}<\/script>\n<!-- \/ Yoast SEO plugin. -->","yoast_head_json":{"title":"Anne Allier | Directrice Artistique - Photographe - R\u00e9alisatrice | Paris","description":"Anne Allier est une directrice artistique, photographe et r\u00e9alisatrice fran\u00e7aise. Visiter la page pour travailler avec elle ou acheter une \u0153uvre.","robots":{"index":"index","follow":"follow","max-snippet":"max-snippet:-1","max-image-preview":"max-image-preview:large","max-video-preview":"max-video-preview:-1"},"canonical":"https:\/\/anneallier.com\/en\/contact\/","og_locale":"en_GB","og_type":"article","og_title":"Anne Allier | Directrice Artistique - Photographe - R\u00e9alisatrice | Paris","og_description":"Anne Allier est une directrice artistique, photographe et r\u00e9alisatrice fran\u00e7aise. Visiter la page pour travailler avec elle ou acheter une \u0153uvre.","og_url":"https:\/\/anneallier.com\/en\/contact\/","og_site_name":"Anne Allier","article_modified_time":"2019-02-25T17:05:59+00:00","twitter_card":"summary_large_image","twitter_misc":{"Estimated reading time":"1 minute"},"schema":{"@context":"https:\/\/schema.org","@graph":[{"@type":"WebPage","@id":"https:\/\/anneallier.com\/contact\/","url":"https:\/\/anneallier.com\/contact\/","name":"Anne Allier | Directrice Artistique - Photographe - R\u00e9alisatrice | Paris","isPartOf":{"@id":"https:\/\/anneallier.com\/#website"},"datePublished":"2018-06-04T15:04:21+00:00","dateModified":"2019-02-25T17:05:59+00:00","description":"Anne Allier est une directrice artistique, photographe et r\u00e9alisatrice fran\u00e7aise. Visiter la page pour travailler avec elle ou acheter une \u0153uvre.","breadcrumb":{"@id":"https:\/\/anneallier.com\/contact\/#breadcrumb"},"inLanguage":"en-GB","potentialAction":[{"@type":"ReadAction","target":["https:\/\/anneallier.com\/contact\/"]}]},{"@type":"BreadcrumbList","@id":"https:\/\/anneallier.com\/contact\/#breadcrumb","itemListElement":[{"@type":"ListItem","position":1,"name":"Home","item":"https:\/\/anneallier.com\/"},{"@type":"ListItem","position":2,"name":"Contact"}]},{"@type":"WebSite","@id":"https:\/\/anneallier.com\/#website","url":"https:\/\/anneallier.com\/","name":"Anne Allier","description":"Directrice Artistique, Photographe, R\u00e9alisatrice","potentialAction":[{"@type":"SearchAction","target":{"@type":"EntryPoint","urlTemplate":"https:\/\/anneallier.com\/?s={search_term_string}"},"query-input":"required name=search_term_string"}],"inLanguage":"en-GB"}]}},"_links":{"self":[{"href":"https:\/\/anneallier.com\/en\/wp-json\/wp\/v2\/pages\/684","targetHints":{"allow":["GET"]}}],"collection":[{"href":"https:\/\/anneallier.com\/en\/wp-json\/wp\/v2\/pages"}],"about":[{"href":"https:\/\/anneallier.com\/en\/wp-json\/wp\/v2\/types\/page"}],"author":[{"embeddable":true,"href":"https:\/\/anneallier.com\/en\/wp-json\/wp\/v2\/users\/1"}],"replies":[{"embeddable":true,"href":"https:\/\/anneallier.com\/en\/wp-json\/wp\/v2\/comments?post=684"}],"version-history":[{"count":2,"href":"https:\/\/anneallier.com\/en\/wp-json\/wp\/v2\/pages\/684\/revisions"}],"predecessor-version":[{"id":2682,"href":"https:\/\/anneallier.com\/en\/wp-json\/wp\/v2\/pages\/684\/revisions\/2682"}],"wp:attachment":[{"href":"https:\/\/anneallier.com\/en\/wp-json\/wp\/v2\/media?parent=684"}],"curies":[{"name":"wp","href":"https:\/\/api.w.org\/{rel}","templated":true}]}}